{"id":429,"date":"2025-07-07T16:43:56","date_gmt":"2025-07-07T14:43:56","guid":{"rendered":"https:\/\/www.soela.cat\/?page_id=429"},"modified":"2026-01-07T12:09:08","modified_gmt":"2026-01-07T11:09:08","slug":"nosotros","status":"publish","type":"page","link":"https:\/\/www.soela.cat\/ca\/nosotros\/","title":{"rendered":"Nosaltres"},"content":{"rendered":"<div data-elementor-type=\"wp-page\" data-elementor-id=\"429\" class=\"elementor elementor-429\" data-elementor-post-type=\"page\">\n\t\t\t\t<div class=\"elementor-element elementor-element-18cae1b2 e-flex e-con-boxed e-con e-parent\" data-id=\"18cae1b2\" data-element_type=\"container\" data-e-type=\"container\" data-settings=\"{&quot;background_background&quot;:&quot;classic&quot;,&quot;ekit_has_onepagescroll_dot&quot;:&quot;yes&quot;}\">\n\t\t\t\t\t<div class=\"e-con-inner\">\n\t\t\t\t<div class=\"elementor-element elementor-element-76f06b90 elementor-invisible elementor-widget elementor-widget-heading\" data-id=\"76f06b90\" data-element_type=\"widget\" data-e-type=\"widget\" data-settings=\"{&quot;_animation&quot;:&quot;fadeInUp&quot;,&quot;ekit_we_effect_on&quot;:&quot;none&quot;}\" data-widget_type=\"heading.default\">\n\t\t\t\t<div class=\"elementor-widget-container\">\n\t\t\t\t\t<div class=\"elementor-heading-title elementor-size-default\">Qui som<\/div>\t\t\t\t<\/div>\n\t\t\t\t<\/div>\n\t\t\t\t<div class=\"elementor-element elementor-element-2c9806bf elementor-invisible elementor-widget elementor-widget-heading\" data-id=\"2c9806bf\" data-element_type=\"widget\" data-e-type=\"widget\" data-settings=\"{&quot;_animation&quot;:&quot;fadeInUp&quot;,&quot;ekit_we_effect_on&quot;:&quot;none&quot;}\" data-widget_type=\"heading.default\">\n\t\t\t\t<div class=\"elementor-widget-container\">\n\t\t\t\t\t<h1 class=\"elementor-heading-title elementor-size-default\">Experi\u00e8ncia, comprom\u00eds i solucions el\u00e8ctriques a mida<\/h1>\t\t\t\t<\/div>\n\t\t\t\t<\/div>\n\t\t\t\t\t<\/div>\n\t\t\t\t<\/div>\n\t\t<div class=\"elementor-element elementor-element-3efd5d63 e-flex e-con-boxed e-con e-parent\" data-id=\"3efd5d63\" data-element_type=\"container\" data-e-type=\"container\" data-settings=\"{&quot;background_background&quot;:&quot;classic&quot;,&quot;ekit_has_onepagescroll_dot&quot;:&quot;yes&quot;}\">\n\t\t\t\t\t<div class=\"e-con-inner\">\n\t\t<div class=\"elementor-element elementor-element-27bc8333 e-con-full e-flex e-con e-child\" data-id=\"27bc8333\" data-element_type=\"container\" data-e-type=\"container\" data-settings=\"{&quot;ekit_has_onepagescroll_dot&quot;:&quot;yes&quot;}\">\n\t\t\t\t<div class=\"elementor-element elementor-element-49d6eb2b elementor-invisible elementor-widget elementor-widget-heading\" data-id=\"49d6eb2b\" data-element_type=\"widget\" data-e-type=\"widget\" data-settings=\"{&quot;_animation&quot;:&quot;fadeInUp&quot;,&quot;ekit_we_effect_on&quot;:&quot;none&quot;}\" data-widget_type=\"heading.default\">\n\t\t\t\t<div class=\"elementor-widget-container\">\n\t\t\t\t\t<div class=\"elementor-heading-title elementor-size-default\">La nostra traject\u00f2ria<\/div>\t\t\t\t<\/div>\n\t\t\t\t<\/div>\n\t\t\t\t<div class=\"elementor-element elementor-element-432653af elementor-invisible elementor-widget elementor-widget-heading\" data-id=\"432653af\" data-element_type=\"widget\" data-e-type=\"widget\" data-settings=\"{&quot;_animation&quot;:&quot;fadeInUp&quot;,&quot;ekit_we_effect_on&quot;:&quot;none&quot;}\" data-widget_type=\"heading.default\">\n\t\t\t\t<div class=\"elementor-widget-container\">\n\t\t\t\t\t<h2 class=\"elementor-heading-title elementor-size-default\">Un projecte basat en l&#039;experi\u00e8ncia i la confian\u00e7a<\/h2>\t\t\t\t<\/div>\n\t\t\t\t<\/div>\n\t\t\t\t<div class=\"elementor-element elementor-element-d6007d5 elementor-invisible elementor-widget elementor-widget-text-editor\" data-id=\"d6007d5\" data-element_type=\"widget\" data-e-type=\"widget\" data-settings=\"{&quot;_animation&quot;:&quot;fadeInUp&quot;,&quot;ekit_we_effect_on&quot;:&quot;none&quot;}\" data-widget_type=\"text-editor.default\">\n\t\t\t\t<div class=\"elementor-widget-container\">\n\t\t\t\t\t\t\t\t\t<p class=\"p1\">Despr\u00e9s de m\u00e9s de 18 anys d&#039;experi\u00e8ncia al sector industrial, vam decidir apostar per la creaci\u00f3 d&#039;aquest projecte amb l&#039;objectiu d&#039;oferir un servei especialitzat i proper a l&#039;\u00e0mbit dels quadres el\u00e8ctrics i l&#039;automatitzaci\u00f3 industrial. Des de llavors, portem 11 anys acompanyant els nostres clients en el desenvolupament dels seus projectes, aportant solucions t\u00e8cniques eficaces i adaptades a cada necessitat.<\/p><p class=\"p1\">La nostra traject\u00f2ria es basa en el comprom\u00eds amb la qualitat, la seguretat i la millora continua. Afrontem cada projecte amb una visi\u00f3 pr\u00e0ctica i professional, cuidant cada detall des del disseny fins a la posada en marxa, i establint relacions duradores basades en la confian\u00e7a i la satisfacci\u00f3 del client.<\/p>\t\t\t\t\t\t\t\t<\/div>\n\t\t\t\t<\/div>\n\t\t\t\t<\/div>\n\t\t<div class=\"elementor-element elementor-element-59fe1ced e-con-full e-flex e-con e-child\" data-id=\"59fe1ced\" data-element_type=\"container\" data-e-type=\"container\" data-settings=\"{&quot;ekit_has_onepagescroll_dot&quot;:&quot;yes&quot;}\">\n\t\t\t\t<div class=\"elementor-element elementor-element-503793c5 elementor-invisible elementor-widget elementor-widget-image\" data-id=\"503793c5\" data-element_type=\"widget\" data-e-type=\"widget\" data-settings=\"{&quot;_animation&quot;:&quot;fadeInUp&quot;,&quot;ekit_we_effect_on&quot;:&quot;none&quot;}\" data-widget_type=\"image.default\">\n\t\t\t\t<div class=\"elementor-widget-container\">\n\t\t\t\t\t\t\t\t\t\t\t\t\t\t\t<img fetchpriority=\"high\" decoding=\"async\" width=\"1500\" height=\"1125\" src=\"https:\/\/www.soela.cat\/wp-content\/uploads\/2026\/01\/1034.jpg\" class=\"attachment-full size-full wp-image-850\" alt=\"Quadre el\u00e8ctric\" srcset=\"https:\/\/www.soela.cat\/wp-content\/uploads\/2026\/01\/1034.jpg 1500w, https:\/\/www.soela.cat\/wp-content\/uploads\/2026\/01\/1034-300x225.jpg 300w, https:\/\/www.soela.cat\/wp-content\/uploads\/2026\/01\/1034-1024x768.jpg 1024w, https:\/\/www.soela.cat\/wp-content\/uploads\/2026\/01\/1034-768x576.jpg 768w, https:\/\/www.soela.cat\/wp-content\/uploads\/2026\/01\/1034-16x12.jpg 16w\" sizes=\"(max-width: 1500px) 100vw, 1500px\" \/>\t\t\t\t\t\t\t\t\t\t\t\t\t\t\t<\/div>\n\t\t\t\t<\/div>\n\t\t\t\t<\/div>\n\t\t\t\t\t<\/div>\n\t\t\t\t<\/div>\n\t\t<div class=\"elementor-element elementor-element-262a0ce5 e-flex e-con-boxed e-con e-parent\" data-id=\"262a0ce5\" data-element_type=\"container\" data-e-type=\"container\" data-settings=\"{&quot;background_background&quot;:&quot;classic&quot;,&quot;ekit_has_onepagescroll_dot&quot;:&quot;yes&quot;}\">\n\t\t\t\t\t<div class=\"e-con-inner\">\n\t\t\t\t<div class=\"elementor-element elementor-element-47e62664 elementor-invisible elementor-widget elementor-widget-heading\" data-id=\"47e62664\" data-element_type=\"widget\" data-e-type=\"widget\" data-settings=\"{&quot;_animation&quot;:&quot;fadeInUp&quot;,&quot;ekit_we_effect_on&quot;:&quot;none&quot;}\" data-widget_type=\"heading.default\">\n\t\t\t\t<div class=\"elementor-widget-container\">\n\t\t\t\t\t<div class=\"elementor-heading-title elementor-size-default\">Valors que marquen la difer\u00e8ncia<\/div>\t\t\t\t<\/div>\n\t\t\t\t<\/div>\n\t\t\t\t<div class=\"elementor-element elementor-element-1939b8c2 elementor-invisible elementor-widget elementor-widget-heading\" data-id=\"1939b8c2\" data-element_type=\"widget\" data-e-type=\"widget\" data-settings=\"{&quot;_animation&quot;:&quot;fadeInUp&quot;,&quot;ekit_we_effect_on&quot;:&quot;none&quot;}\" data-widget_type=\"heading.default\">\n\t\t\t\t<div class=\"elementor-widget-container\">\n\t\t\t\t\t<h2 class=\"elementor-heading-title elementor-size-default\">La nostra manera de treballar<\/h2>\t\t\t\t<\/div>\n\t\t\t\t<\/div>\n\t\t<div class=\"elementor-element elementor-element-67c50535 e-flex e-con-boxed e-con e-child\" data-id=\"67c50535\" data-element_type=\"container\" data-e-type=\"container\" data-settings=\"{&quot;ekit_has_onepagescroll_dot&quot;:&quot;yes&quot;}\">\n\t\t\t\t\t<div class=\"e-con-inner\">\n\t\t<div class=\"elementor-element elementor-element-2a820265 e-flex e-con-boxed e-con e-child\" data-id=\"2a820265\" data-element_type=\"container\" data-e-type=\"container\" data-settings=\"{&quot;ekit_has_onepagescroll_dot&quot;:&quot;yes&quot;}\">\n\t\t\t\t\t<div class=\"e-con-inner\">\n\t\t\t\t<div class=\"elementor-element elementor-element-54b203b0 elementor-invisible elementor-widget elementor-widget-icon-box\" data-id=\"54b203b0\" data-element_type=\"widget\" data-e-type=\"widget\" data-settings=\"{&quot;_animation&quot;:&quot;fadeInUp&quot;,&quot;ekit_we_effect_on&quot;:&quot;none&quot;}\" data-widget_type=\"icon-box.default\">\n\t\t\t\t<div class=\"elementor-widget-container\">\n\t\t\t\t\t\t\t<div class=\"elementor-icon-box-wrapper\">\n\n\t\t\t\n\t\t\t\t\t\t<div class=\"elementor-icon-box-content\">\n\n\t\t\t\t\t\t\t\t\t<h3 class=\"elementor-icon-box-title\">\n\t\t\t\t\t\t<span  >\n\t\t\t\t\t\t\tExperi\u00e8ncia t\u00e8cnica\t\t\t\t\t\t<\/span>\n\t\t\t\t\t<\/h3>\n\t\t\t\t\n\t\t\t\t\t\t\t\t\t<p class=\"elementor-icon-box-description\">\n\t\t\t\t\t\tUn coneixement profund del sector industrial ens permet abordar projectes complexos amb solv\u00e8ncia, garantint solucions eficients i t\u00e8cnicament fiables.\t\t\t\t\t<\/p>\n\t\t\t\t\n\t\t\t<\/div>\n\t\t\t\n\t\t<\/div>\n\t\t\t\t\t\t<\/div>\n\t\t\t\t<\/div>\n\t\t\t\t\t<\/div>\n\t\t\t\t<\/div>\n\t\t<div class=\"elementor-element elementor-element-30c834e1 e-flex e-con-boxed e-con e-child\" data-id=\"30c834e1\" data-element_type=\"container\" data-e-type=\"container\" data-settings=\"{&quot;ekit_has_onepagescroll_dot&quot;:&quot;yes&quot;}\">\n\t\t\t\t\t<div class=\"e-con-inner\">\n\t\t\t\t<div class=\"elementor-element elementor-element-2b712af5 elementor-invisible elementor-widget elementor-widget-icon-box\" data-id=\"2b712af5\" data-element_type=\"widget\" data-e-type=\"widget\" data-settings=\"{&quot;_animation&quot;:&quot;fadeInUp&quot;,&quot;ekit_we_effect_on&quot;:&quot;none&quot;}\" data-widget_type=\"icon-box.default\">\n\t\t\t\t<div class=\"elementor-widget-container\">\n\t\t\t\t\t\t\t<div class=\"elementor-icon-box-wrapper\">\n\n\t\t\t\n\t\t\t\t\t\t<div class=\"elementor-icon-box-content\">\n\n\t\t\t\t\t\t\t\t\t<h3 class=\"elementor-icon-box-title\">\n\t\t\t\t\t\t<span  >\n\t\t\t\t\t\t\tQualitat i seguretat\t\t\t\t\t\t<\/span>\n\t\t\t\t\t<\/h3>\n\t\t\t\t\n\t\t\t\t\t\t\t\t\t<p class=\"elementor-icon-box-description\">\n\t\t\t\t\t\tTreballem amb components de primeres marques i complim estrictament la normativa vigent per assegurar instal\u00b7lacions segures i duradores.\t\t\t\t\t<\/p>\n\t\t\t\t\n\t\t\t<\/div>\n\t\t\t\n\t\t<\/div>\n\t\t\t\t\t\t<\/div>\n\t\t\t\t<\/div>\n\t\t\t\t\t<\/div>\n\t\t\t\t<\/div>\n\t\t<div class=\"elementor-element elementor-element-7b468a17 e-flex e-con-boxed e-con e-child\" data-id=\"7b468a17\" data-element_type=\"container\" data-e-type=\"container\" data-settings=\"{&quot;ekit_has_onepagescroll_dot&quot;:&quot;yes&quot;}\">\n\t\t\t\t\t<div class=\"e-con-inner\">\n\t\t\t\t<div class=\"elementor-element elementor-element-3f4f1095 elementor-invisible elementor-widget elementor-widget-icon-box\" data-id=\"3f4f1095\" data-element_type=\"widget\" data-e-type=\"widget\" data-settings=\"{&quot;_animation&quot;:&quot;fadeInUp&quot;,&quot;ekit_we_effect_on&quot;:&quot;none&quot;}\" data-widget_type=\"icon-box.default\">\n\t\t\t\t<div class=\"elementor-widget-container\">\n\t\t\t\t\t\t\t<div class=\"elementor-icon-box-wrapper\">\n\n\t\t\t\n\t\t\t\t\t\t<div class=\"elementor-icon-box-content\">\n\n\t\t\t\t\t\t\t\t\t<h3 class=\"elementor-icon-box-title\">\n\t\t\t\t\t\t<span  >\n\t\t\t\t\t\t\tTracte proper\t\t\t\t\t\t<\/span>\n\t\t\t\t\t<\/h3>\n\t\t\t\t\n\t\t\t\t\t\t\t\t\t<p class=\"elementor-icon-box-description\">\n\t\t\t\t\t\tOferim un servei personalitzat, escoltant les necessitats de cada client i acompanyant-lo a totes les fases del projecte.\t\t\t\t\t<\/p>\n\t\t\t\t\n\t\t\t<\/div>\n\t\t\t\n\t\t<\/div>\n\t\t\t\t\t\t<\/div>\n\t\t\t\t<\/div>\n\t\t\t\t\t<\/div>\n\t\t\t\t<\/div>\n\t\t\t\t\t<\/div>\n\t\t\t\t<\/div>\n\t\t\t\t\t<\/div>\n\t\t\t\t<\/div>\n\t\t\t\t<\/div>","protected":false},"excerpt":{"rendered":"<p>Qui\u00e9nes somos Experiencia, compromiso y soluciones el\u00e9ctricas a medida Nuestra trayectoria Un proyecto basado en la experiencia y la confianza Tras m\u00e1s de 18 a\u00f1os de experiencia en el sector industrial, decidimos apostar por la creaci\u00f3n de este proyecto con el objetivo de ofrecer un servicio especializado y cercano en el \u00e1mbito de los cuadros [&hellip;]<\/p>\n","protected":false},"author":1,"featured_media":0,"parent":0,"menu_order":2,"comment_status":"closed","ping_status":"closed","template":"","meta":{"_joinchat":[],"footnotes":""},"class_list":["post-429","page","type-page","status-publish","hentry"],"yoast_head":"<!-- This site is optimized with the Yoast SEO plugin v27.4 - https:\/\/yoast.com\/product\/yoast-seo-wordpress\/ -->\n<title>Nosotros - SOELA<\/title>\n<meta name=\"description\" content=\"M\u00e1s de 18 a\u00f1os de experiencia en cuadros el\u00e9ctricos y automatizaci\u00f3n industrial. Compromiso, calidad y soluciones el\u00e9ctricas a medida para cada proyecto.\" \/>\n<meta name=\"robots\" content=\"index, follow, max-snippet:-1, max-image-preview:large, max-video-preview:-1\" \/>\n<link rel=\"canonical\" href=\"https:\/\/www.soela.cat\/ca\/nosotros\/\" \/>\n<meta property=\"og:locale\" content=\"ca_ES\" \/>\n<meta property=\"og:type\" content=\"article\" \/>\n<meta property=\"og:title\" content=\"Nosotros - SOELA\" \/>\n<meta property=\"og:description\" content=\"M\u00e1s de 18 a\u00f1os de experiencia en cuadros el\u00e9ctricos y automatizaci\u00f3n industrial. Compromiso, calidad y soluciones el\u00e9ctricas a medida para cada proyecto.\" \/>\n<meta property=\"og:url\" content=\"https:\/\/www.soela.cat\/ca\/nosotros\/\" \/>\n<meta property=\"og:site_name\" content=\"SOELA\" \/>\n<meta property=\"article:modified_time\" content=\"2026-01-07T11:09:08+00:00\" \/>\n<meta property=\"og:image\" content=\"https:\/\/www.soela.cat\/wp-content\/uploads\/2026\/01\/1034.jpg\" \/>\n<meta name=\"twitter:card\" content=\"summary_large_image\" \/>\n<script type=\"application\/ld+json\" class=\"yoast-schema-graph\">{\"@context\":\"https:\\\/\\\/schema.org\",\"@graph\":[{\"@type\":\"WebPage\",\"@id\":\"https:\\\/\\\/www.soela.cat\\\/nosotros\\\/\",\"url\":\"https:\\\/\\\/www.soela.cat\\\/nosotros\\\/\",\"name\":\"Nosotros - SOELA\",\"isPartOf\":{\"@id\":\"https:\\\/\\\/www.soela.cat\\\/#website\"},\"primaryImageOfPage\":{\"@id\":\"https:\\\/\\\/www.soela.cat\\\/nosotros\\\/#primaryimage\"},\"image\":{\"@id\":\"https:\\\/\\\/www.soela.cat\\\/nosotros\\\/#primaryimage\"},\"thumbnailUrl\":\"https:\\\/\\\/www.soela.cat\\\/wp-content\\\/uploads\\\/2026\\\/01\\\/1034.jpg\",\"datePublished\":\"2025-07-07T14:43:56+00:00\",\"dateModified\":\"2026-01-07T11:09:08+00:00\",\"description\":\"M\u00e1s de 18 a\u00f1os de experiencia en cuadros el\u00e9ctricos y automatizaci\u00f3n industrial. Compromiso, calidad y soluciones el\u00e9ctricas a medida para cada proyecto.\",\"breadcrumb\":{\"@id\":\"https:\\\/\\\/www.soela.cat\\\/nosotros\\\/#breadcrumb\"},\"inLanguage\":\"ca\",\"potentialAction\":[{\"@type\":\"ReadAction\",\"target\":[\"https:\\\/\\\/www.soela.cat\\\/nosotros\\\/\"]}]},{\"@type\":\"ImageObject\",\"inLanguage\":\"ca\",\"@id\":\"https:\\\/\\\/www.soela.cat\\\/nosotros\\\/#primaryimage\",\"url\":\"https:\\\/\\\/www.soela.cat\\\/wp-content\\\/uploads\\\/2026\\\/01\\\/1034.jpg\",\"contentUrl\":\"https:\\\/\\\/www.soela.cat\\\/wp-content\\\/uploads\\\/2026\\\/01\\\/1034.jpg\"},{\"@type\":\"BreadcrumbList\",\"@id\":\"https:\\\/\\\/www.soela.cat\\\/nosotros\\\/#breadcrumb\",\"itemListElement\":[{\"@type\":\"ListItem\",\"position\":1,\"name\":\"Inicio\",\"item\":\"https:\\\/\\\/www.soela.cat\\\/\"},{\"@type\":\"ListItem\",\"position\":2,\"name\":\"Nosotros\"}]},{\"@type\":\"WebSite\",\"@id\":\"https:\\\/\\\/www.soela.cat\\\/#website\",\"url\":\"https:\\\/\\\/www.soela.cat\\\/\",\"name\":\"SOELA\",\"description\":\"Soluciones el\u00e9ctricas y automatizaci\u00f3n industrial\",\"publisher\":{\"@id\":\"https:\\\/\\\/www.soela.cat\\\/#organization\"},\"potentialAction\":[{\"@type\":\"SearchAction\",\"target\":{\"@type\":\"EntryPoint\",\"urlTemplate\":\"https:\\\/\\\/www.soela.cat\\\/?s={search_term_string}\"},\"query-input\":{\"@type\":\"PropertyValueSpecification\",\"valueRequired\":true,\"valueName\":\"search_term_string\"}}],\"inLanguage\":\"ca\"},{\"@type\":\"Organization\",\"@id\":\"https:\\\/\\\/www.soela.cat\\\/#organization\",\"name\":\"SOELA\",\"url\":\"https:\\\/\\\/www.soela.cat\\\/\",\"logo\":{\"@type\":\"ImageObject\",\"inLanguage\":\"ca\",\"@id\":\"https:\\\/\\\/www.soela.cat\\\/#\\\/schema\\\/logo\\\/image\\\/\",\"url\":\"https:\\\/\\\/www.soela.cat\\\/wp-content\\\/uploads\\\/2025\\\/07\\\/SOELA_cap_web_02.png\",\"contentUrl\":\"https:\\\/\\\/www.soela.cat\\\/wp-content\\\/uploads\\\/2025\\\/07\\\/SOELA_cap_web_02.png\",\"width\":1122,\"height\":312,\"caption\":\"SOELA\"},\"image\":{\"@id\":\"https:\\\/\\\/www.soela.cat\\\/#\\\/schema\\\/logo\\\/image\\\/\"}}]}<\/script>\n<!-- \/ Yoast SEO plugin. -->","yoast_head_json":{"title":"Nosaltres - SOELA","description":"M\u00e9s de 18 anys d\u00b4experi\u00e8ncia en quadres el\u00e8ctrics i automatitzaci\u00f3 industrial. Comprom\u00eds, qualitat i solucions el\u00e8ctriques a mida per a cada projecte.","robots":{"index":"index","follow":"follow","max-snippet":"max-snippet:-1","max-image-preview":"max-image-preview:large","max-video-preview":"max-video-preview:-1"},"canonical":"https:\/\/www.soela.cat\/ca\/nosotros\/","og_locale":"ca_ES","og_type":"article","og_title":"Nosotros - SOELA","og_description":"M\u00e1s de 18 a\u00f1os de experiencia en cuadros el\u00e9ctricos y automatizaci\u00f3n industrial. Compromiso, calidad y soluciones el\u00e9ctricas a medida para cada proyecto.","og_url":"https:\/\/www.soela.cat\/ca\/nosotros\/","og_site_name":"SOELA","article_modified_time":"2026-01-07T11:09:08+00:00","og_image":[{"url":"https:\/\/www.soela.cat\/wp-content\/uploads\/2026\/01\/1034.jpg","type":"","width":"","height":""}],"twitter_card":"summary_large_image","schema":{"@context":"https:\/\/schema.org","@graph":[{"@type":"WebPage","@id":"https:\/\/www.soela.cat\/nosotros\/","url":"https:\/\/www.soela.cat\/nosotros\/","name":"Nosaltres - SOELA","isPartOf":{"@id":"https:\/\/www.soela.cat\/#website"},"primaryImageOfPage":{"@id":"https:\/\/www.soela.cat\/nosotros\/#primaryimage"},"image":{"@id":"https:\/\/www.soela.cat\/nosotros\/#primaryimage"},"thumbnailUrl":"https:\/\/www.soela.cat\/wp-content\/uploads\/2026\/01\/1034.jpg","datePublished":"2025-07-07T14:43:56+00:00","dateModified":"2026-01-07T11:09:08+00:00","description":"M\u00e9s de 18 anys d\u00b4experi\u00e8ncia en quadres el\u00e8ctrics i automatitzaci\u00f3 industrial. Comprom\u00eds, qualitat i solucions el\u00e8ctriques a mida per a cada projecte.","breadcrumb":{"@id":"https:\/\/www.soela.cat\/nosotros\/#breadcrumb"},"inLanguage":"ca","potentialAction":[{"@type":"ReadAction","target":["https:\/\/www.soela.cat\/nosotros\/"]}]},{"@type":"ImageObject","inLanguage":"ca","@id":"https:\/\/www.soela.cat\/nosotros\/#primaryimage","url":"https:\/\/www.soela.cat\/wp-content\/uploads\/2026\/01\/1034.jpg","contentUrl":"https:\/\/www.soela.cat\/wp-content\/uploads\/2026\/01\/1034.jpg"},{"@type":"BreadcrumbList","@id":"https:\/\/www.soela.cat\/nosotros\/#breadcrumb","itemListElement":[{"@type":"ListItem","position":1,"name":"Inicio","item":"https:\/\/www.soela.cat\/"},{"@type":"ListItem","position":2,"name":"Nosotros"}]},{"@type":"WebSite","@id":"https:\/\/www.soela.cat\/#website","url":"https:\/\/www.soela.cat\/","name":"SOELA","description":"Solucions el\u00e8ctriques i automatitzaci\u00f3 industrial","publisher":{"@id":"https:\/\/www.soela.cat\/#organization"},"potentialAction":[{"@type":"SearchAction","target":{"@type":"EntryPoint","urlTemplate":"https:\/\/www.soela.cat\/?s={search_term_string}"},"query-input":{"@type":"PropertyValueSpecification","valueRequired":true,"valueName":"search_term_string"}}],"inLanguage":"ca"},{"@type":"Organization","@id":"https:\/\/www.soela.cat\/#organization","name":"SOELA","url":"https:\/\/www.soela.cat\/","logo":{"@type":"ImageObject","inLanguage":"ca","@id":"https:\/\/www.soela.cat\/#\/schema\/logo\/image\/","url":"https:\/\/www.soela.cat\/wp-content\/uploads\/2025\/07\/SOELA_cap_web_02.png","contentUrl":"https:\/\/www.soela.cat\/wp-content\/uploads\/2025\/07\/SOELA_cap_web_02.png","width":1122,"height":312,"caption":"SOELA"},"image":{"@id":"https:\/\/www.soela.cat\/#\/schema\/logo\/image\/"}}]}},"_links":{"self":[{"href":"https:\/\/www.soela.cat\/ca\/wp-json\/wp\/v2\/pages\/429","targetHints":{"allow":["GET"]}}],"collection":[{"href":"https:\/\/www.soela.cat\/ca\/wp-json\/wp\/v2\/pages"}],"about":[{"href":"https:\/\/www.soela.cat\/ca\/wp-json\/wp\/v2\/types\/page"}],"author":[{"embeddable":true,"href":"https:\/\/www.soela.cat\/ca\/wp-json\/wp\/v2\/users\/1"}],"replies":[{"embeddable":true,"href":"https:\/\/www.soela.cat\/ca\/wp-json\/wp\/v2\/comments?post=429"}],"version-history":[{"count":54,"href":"https:\/\/www.soela.cat\/ca\/wp-json\/wp\/v2\/pages\/429\/revisions"}],"predecessor-version":[{"id":904,"href":"https:\/\/www.soela.cat\/ca\/wp-json\/wp\/v2\/pages\/429\/revisions\/904"}],"wp:attachment":[{"href":"https:\/\/www.soela.cat\/ca\/wp-json\/wp\/v2\/media?parent=429"}],"curies":[{"name":"wp","href":"https:\/\/api.w.org\/{rel}","templated":true}]}}